{"id":241077,"date":"2025-04-30T13:55:54","date_gmt":"2025-04-30T11:55:54","guid":{"rendered":"https:\/\/www.mppu.org\/?page_id=241077"},"modified":"2026-03-13T17:31:44","modified_gmt":"2026-03-13T16:31:44","slug":"la-nostra-storia","status":"publish","type":"page","link":"https:\/\/www.mppu.org\/index.php\/la-nostra-storia\/","title":{"rendered":"La Nostra Storia"},"content":{"rendered":"\t\t<div data-elementor-type=\"wp-page\" data-elementor-id=\"241077\" class=\"elementor elementor-241077\" data-elementor-post-type=\"page\">\n\t\t\t\t<div class=\"elementor-element elementor-element-acea182 e-flex e-con-boxed e-con e-parent\" data-id=\"acea182\" data-element_type=\"container\">\n\t\t\t\t\t<div class=\"e-con-inner\">\n\t\t\t\t<div class=\"elementor-element elementor-element-909bc64 elementor-blockquote--skin-border elementor-blockquote--button-color-official elementor-widget elementor-widget-blockquote\" data-id=\"909bc64\" data-element_type=\"widget\" data-widget_type=\"blockquote.default\">\n\t\t\t\t<div class=\"elementor-widget-container\">\n\t\t\t\t\t\t\t<blockquote class=\"elementor-blockquote\">\n\t\t\t<p class=\"elementor-blockquote__content\">\n\t\t\t\tNel \u201996 Chiara Lubich ha l\u2019idea di rilanciare, in un movimento mondiale, tutte le esperienze fatte fino ad allora in vista di una nuova responsabilit\u00e0 verso la costruzione della storia locale e globale e vi spende la parola stessa del suo carisma: lo chiama \u201cMovimento politico per l\u2019unit\u00e0\u201d\t\t\t<\/p>\n\t\t\t\t\t<\/blockquote>\n\t\t\t\t\t\t<\/div>\n\t\t\t\t<\/div>\n\t\t\t\t\t<\/div>\n\t\t\t\t<\/div>\n\t\t<div class=\"elementor-element elementor-element-bcbb879 e-flex e-con-boxed e-con e-parent\" data-id=\"bcbb879\" data-element_type=\"container\">\n\t\t\t\t\t<div class=\"e-con-inner\">\n\t\t<div class=\"elementor-element elementor-element-4e68ee3 e-con-full e-flex e-con e-child\" data-id=\"4e68ee3\" data-element_type=\"container\">\n\t\t\t\t<div class=\"elementor-element elementor-element-9dfa8b8 elementor-widget elementor-widget-text-editor\" data-id=\"9dfa8b8\" data-element_type=\"widget\" data-widget_type=\"text-editor.default\">\n\t\t\t\t<div class=\"elementor-widget-container\">\n\t\t\t\t\t\t\t\t\t<p class=\"c10 c19\"><span class=\"c6\">Nell\u2019occasione del conferimento della cittadinanza onoraria da parte della Citt\u00e0 di Pompei, avvenuta il 30 aprile 1996, Chiara incontra sindaci ,amministratori, parlamentari, persone impegnate in politica \u00a0a diversi livelli e in partiti diversi. E\u2019 particolarmente colpita dalla diversit\u00e0 delle posizioni politiche rappresentate dalle persone che sono convenute ad ascoltarla ed avverte che questo pluralismo \u00e8 il contesto giusto per sviluppare un pensiero e una pratica politica che scaturiscano dalla cultura dell\u2019ascolto e del dialogo, caratteristica del suo Ideale dell\u2019unit\u00e0 e del Movimento dei Focolari, che fin dai primi tempi aveva coinvolto anche il mondo della politica.<\/span><\/p><p class=\"c10 c19\"><span class=\"c17\">Ecco allora che, il 2 maggio, subito convoca a Napoli i suoi pi\u00f9 stretti collaboratori in questo campo,\u00a0<\/span><span class=\"c17\">tra i quali Tommaso Sorgi e Lucia Fronza Crepaz, i responsabili del Movimento Umanit\u00e0 Nuova, Mariele e Pino Quartana,<\/span><span class=\"c6\">\u00a0tutti gli impegnati in politica della comunit\u00e0 napoletana per affidare loro quello che sar\u00e0 il Movimento Politico per l\u2019Unit\u00e0 ma che lei, Chiara, quel giorno chiama semplicemente con il nome del suo Ideale: Movimento per l\u2019unit\u00e0.<\/span><\/p><p class=\"c10 c19\"><span class=\"c6\">La politica a livello locale e internazionale \u00e8 oggi sottoposta a tensioni enormi, provocate da questioni globali, spesso inedite. Al contempo il mondo \u00e8 sempre pi\u00f9 interdipendente ed esprime una nuova coscienza della dignit\u00e0 e dei diritti dei singoli e dei popoli. E, come spesso accade nella storia, proprio in questi complessi scenari, di fronte a grandi sfide, maturano ovunque nuove idee, nuove visioni, nuove prospettive.\u00a0<\/span><\/p><p class=\"c10 c19\"><span class=\"c6\">Cos\u00ec accadde anche per quelle prime idee fiorite sulle macerie del secondo conflitto mondiale, quando Chiara Lubich 1) intu\u00ec possibile e inizi\u00f2 a promuovere l\u2019amore scambievole tra i popoli, introducendo una luce nel buio del tragico \u2018900.\u00a0<\/span><\/p><p class=\"c10 c19\"><span class=\"c6\">Da questo ideale di unit\u00e0 2) \u2013 che guarda l\u2019agire politico come l\u2019amore degli amori\u201d 3) e che, negli anni, ha raccolto in un progetto comune i sogni personali e sociali e ha sollecitato molti a spendersi per l\u2019umanit\u00e0 \u2013 \u00e8 sorto il Movimento politico per l\u2019unit\u00e0, laboratorio internazionale di innovazione politica.<\/span><\/p>\t\t\t\t\t\t\t\t<\/div>\n\t\t\t\t<\/div>\n\t\t\t\t<\/div>\n\t\t<div class=\"elementor-element elementor-element-3611942 e-con-full e-flex e-con e-child\" data-id=\"3611942\" data-element_type=\"container\">\n\t\t\t\t<div class=\"elementor-element elementor-element-cd2e0b6 elementor-widget elementor-widget-ucaddon_material_block_quote\" data-id=\"cd2e0b6\" data-element_type=\"widget\" data-widget_type=\"ucaddon_material_block_quote.default\">\n\t\t\t\t<div class=\"elementor-widget-container\">\n\t\t\t\t\t\n<!-- start Block Quote Card -->\n\t\t<link id='font-awesome-css' href='https:\/\/www.mppu.org\/wp-content\/plugins\/unlimited-elements-for-elementor\/assets_libraries\/font-awesome6\/fontawesome-all.min.css' type='text\/css' rel='stylesheet' >\n\t\t<link id='font-awesome-4-shim-css' href='https:\/\/www.mppu.org\/wp-content\/plugins\/unlimited-elements-for-elementor\/assets_libraries\/font-awesome6\/fontawesome-v4-shims.min.css' type='text\/css' rel='stylesheet' >\n\t\t<link id='uc_assets_blox_border_left_blockquote_blox_border_left_blockquote_css-css' href='https:\/\/www.mppu.org\/wp-content\/uploads\/ac_assets\/blox-border-left-blockquote\/blox-border-left-blockquote.css' type='text\/css' rel='stylesheet' >\n\n\n<div class=\"blox-border-left-blockquote\" style=\"text-align:left;\">\n    \t<div class=\"blox-content\" style=\" border-color:#E9A825; background-color:#ffffff; border-radius: 24px; padding:15px\">\n        \t<i style=\"background-color:#B8BFC2;\" class=\"fas fa-quote-left\"><\/i>            <div class=\"blox-box\">\t\n        \t\t<span  class=\"uc_style_material_block_quote_elementor_description\" >1. Chiara Lubich (1920-2008), fondatrice nel 1943 del Movimento dei Focolari, \u00e8 considerata una delle personalit\u00e0 spirituali di maggiore rilievo del Novecento. E\u2019 stata impegnata in prima linea nella comunione ecclesiale, nell\u2019ecumenismo, nel dialogo interreligioso e con persone di convinzioni non religiose, promotrice instancabile di una cultura dell\u2019unit\u00e0 e della fraternit\u00e0 tra i popoli.<\/span>\n            <\/div>\n           \t<div style=\"color:#BBC1C4;\" class=\"blox-author\"><span  class=\"uc_style_material_block_quote_elementor_title\" >(www.centrochiaralubich.org)<\/span><\/div>\n        <\/div>\n    <\/div>\n<!-- end Block Quote Card -->\t\t\t\t<\/div>\n\t\t\t\t<\/div>\n\t\t\t\t<div class=\"elementor-element elementor-element-c33e85e elementor-widget elementor-widget-ucaddon_material_block_quote\" data-id=\"c33e85e\" data-element_type=\"widget\" data-widget_type=\"ucaddon_material_block_quote.default\">\n\t\t\t\t<div class=\"elementor-widget-container\">\n\t\t\t\t\t\n<!-- start Block Quote Card -->\n\n\n<div class=\"blox-border-left-blockquote\" style=\"text-align:left;\">\n    \t<div class=\"blox-content\" style=\" border-color:#E9A825; background-color:#ffffff; border-radius: 24px; padding:15px\">\n        \t<i style=\"background-color:#B8BFC2;\" class=\"fas fa-quote-left\"><\/i>            <div class=\"blox-box\">\t\n        \t\t<span  class=\"uc_style_material_block_quote_elementor_description\" >2. \u201c\u2026 ideale dell\u2019unit\u00e0 che ha animato la mia esistenza e quella del Movimento dei Focolari, che rappresento; ideale che \u00e8 riconosciuto come un dono che Dio ha voluto fare agli uomini del nostro tempo. Un dono gratuito, destinato a tutti, che non richiede iscrizioni e appartenenze, non divide in base alle culture, alle religioni, alle appartenenze politiche ma, anzi, illumina ciascuno su ci\u00f2 che lo unisce agli altri, valorizzando le giuste distinzioni e l\u2019originalit\u00e0 del contributo che ciascuno pu\u00f2 portare al disegno comune dell\u2019umanit\u00e0 \u2026 Ges\u00f9, che ha pregato cos\u00ec prima di morire: \u201cPadre (\u2026) che tutti siano uno\u201d (Gv 17,21).\u201d<\/span>\n            <\/div>\n           \t<div style=\"color:#BBC1C4;\" class=\"blox-author\"><span  class=\"uc_style_material_block_quote_elementor_title\" >(Chiara Lubich, L\u2019Europa unit\u00e0 per un mondo unito, Convegno del Movimento Europeo, Madrid, 3 dicembre 2002).<\/span><\/div>\n        <\/div>\n    <\/div>\n<!-- end Block Quote Card -->\t\t\t\t<\/div>\n\t\t\t\t<\/div>\n\t\t\t\t<div class=\"elementor-element elementor-element-8e85c2d elementor-widget elementor-widget-ucaddon_material_block_quote\" data-id=\"8e85c2d\" data-element_type=\"widget\" data-widget_type=\"ucaddon_material_block_quote.default\">\n\t\t\t\t<div class=\"elementor-widget-container\">\n\t\t\t\t\t\n<!-- start Block Quote Card -->\n\n\n<div class=\"blox-border-left-blockquote\" style=\"text-align:left;\">\n    \t<div class=\"blox-content\" style=\" border-color:#E9A825; background-color:#ffffff; border-radius: 24px; padding:15px\">\n        \t<i style=\"background-color:#B8BFC2;\" class=\"fas fa-quote-left\"><\/i>            <div class=\"blox-box\">\t\n        \t\t<span  class=\"uc_style_material_block_quote_elementor_description\" >3. Il compito dell\u2019amore politico, infatti, \u00e8 quello di creare e custodire le condizioni che permettono a tutti gli altri amori di fiorire: l\u2019amore dei giovani che vogliono sposarsi e hanno bisogno di una casa e di un lavoro, l\u2019amore di chi vuole studiare e ha bisogno di scuole e di libri, l\u2019amore di chi si dedica alla propria azienda e ha bisogno di strade e ferrovie, di regole certe\u2026 La politica \u00e8 perci\u00f2 l\u2019amore degli amori, che raccoglie nell\u2019unit\u00e0 di un disegno  comune la ricchezza delle persone e dei gruppi, consentendo a ciascuno di realizzare liberamente la propria vocazione. Ma fa pure in modo che collaborino tra loro, facendo incontrare i bisogni con le risorse, le domande con le risposte, infondendo in tutti la fiducia gli uni negli altri. La politica si pu\u00f2 paragonare allo stelo di un fiore, che sostiene e alimenta il rinnovato sbocciare dei petali della comunit\u00e0\u201d.<\/span>\n            <\/div>\n           \t<div style=\"color:#BBC1C4;\" class=\"blox-author\"><span  class=\"uc_style_material_block_quote_elementor_title\" >(Chiara Lubich, Innsbruck, 9 novembre 2001. Convegno Europeo \u201cMille citt\u00e0 per l\u2019Europa\u201d)<\/span><\/div>\n        <\/div>\n    <\/div>\n<!-- end Block Quote Card -->\t\t\t\t<\/div>\n\t\t\t\t<\/div>\n\t\t\t\t<\/div>\n\t\t\t\t\t<\/div>\n\t\t\t\t<\/div>\n\t\t<div class=\"elementor-element elementor-element-b210a99 e-flex e-con-boxed e-con e-parent\" data-id=\"b210a99\" data-element_type=\"container\">\n\t\t\t\t\t<div class=\"e-con-inner\">\n\t\t\t\t<div class=\"elementor-element elementor-element-9be7371 elementor-headline--style-highlight elementor-widget elementor-widget-animated-headline\" data-id=\"9be7371\" data-element_type=\"widget\" data-settings=\"{&quot;marker&quot;:&quot;underline&quot;,&quot;highlighted_text&quot;:&quot;PER APPROFONDIRE&quot;,&quot;headline_style&quot;:&quot;highlight&quot;,&quot;loop&quot;:&quot;yes&quot;,&quot;highlight_animation_duration&quot;:1200,&quot;highlight_iteration_delay&quot;:8000}\" data-widget_type=\"animated-headline.default\">\n\t\t\t\t<div class=\"elementor-widget-container\">\n\t\t\t\t\t\t\t<h3 class=\"elementor-headline\">\n\t\t\t\t<span class=\"elementor-headline-dynamic-wrapper elementor-headline-text-wrapper\">\n\t\t\t\t\t<span class=\"elementor-headline-dynamic-text elementor-headline-text-active\">PER APPROFONDIRE<\/span>\n\t\t\t\t<\/span>\n\t\t\t\t<\/h3>\n\t\t\t\t\t\t<\/div>\n\t\t\t\t<\/div>\n\t\t\t\t<div class=\"elementor-element elementor-element-1c92de6 elementor-blockquote--skin-border elementor-blockquote--button-color-official elementor-widget elementor-widget-blockquote\" data-id=\"1c92de6\" data-element_type=\"widget\" data-widget_type=\"blockquote.default\">\n\t\t\t\t<div class=\"elementor-widget-container\">\n\t\t\t\t\t\t\t<blockquote class=\"elementor-blockquote\">\n\t\t\t<p class=\"elementor-blockquote__content\">\n\t\t\t\t\u00abLo scopo specifico del Movimento dell\u2019Unit\u00e0, a cui partecipano militanti nei pi\u00f9 diversi partiti, \u00e8 questo: aiutare ed aiutarsi ad essere prima di tutto persone che, nella fraternit\u00e0, credono nei valori profondi, eterni dell\u2019uomo e poi si muovono nell\u2019azione politica.\n\nNon si tratta quindi di un nuovo partito; n\u00e9 si vuol confondere religione e politica, come \u00e8 avvenuto e avviene per gli integralismi di cristiani e anche di non cristiani.\n\nSi propone solo e si testimonia uno stile di vita che permetta alla politica di raggiungere nel miglior modo il suo fine: il bene comune nell\u2019unit\u00e0 del corpo sociale\u00bb.\n\n(C. Lubich, Per una politica di comunione, Palazzo San Macuto, Camera dei Deputati, Roma, 15 dicembre 2000, in \u201cNuova Umanit\u00e0\u201d 134 (2001), p.215 ).    \t\t\t<\/p>\n\t\t\t\t\t<\/blockquote>\n\t\t\t\t\t\t<\/div>\n\t\t\t\t<\/div>\n\t\t\t\t\t<\/div>\n\t\t\t\t<\/div>\n\t\t<div class=\"elementor-element elementor-element-76d2cb5 e-flex e-con-boxed e-con e-parent\" data-id=\"76d2cb5\" data-element_type=\"container\">\n\t\t\t\t\t<div class=\"e-con-inner\">\n\t\t\t\t\t<\/div>\n\t\t\t\t<\/div>\n\t\t\t\t<\/div>\n\t\t","protected":false},"excerpt":{"rendered":"<p>Nel \u201996 Chiara Lubich ha l\u2019idea di rilanciare, in un movimento mondiale, tutte le esperienze fatte fino ad allora in vista di una nuova responsabilit\u00e0 verso la costruzione della storia locale e globale e vi spende la parola stessa del suo carisma: lo chiama \u201cMovimento politico per l\u2019unit\u00e0\u201d Nell\u2019occasione del conferimento della cittadinanza onoraria da [&hellip;]<\/p>\n","protected":false},"author":1,"featured_media":0,"parent":0,"menu_order":0,"comment_status":"closed","ping_status":"closed","template":"","meta":{"_acf_changed":false,"footnotes":""},"class_list":["post-241077","page","type-page","status-publish","hentry"],"acf":[],"_links":{"self":[{"href":"https:\/\/www.mppu.org\/index.php\/wp-json\/wp\/v2\/pages\/241077","targetHints":{"allow":["GET"]}}],"collection":[{"href":"https:\/\/www.mppu.org\/index.php\/wp-json\/wp\/v2\/pages"}],"about":[{"href":"https:\/\/www.mppu.org\/index.php\/wp-json\/wp\/v2\/types\/page"}],"author":[{"embeddable":true,"href":"https:\/\/www.mppu.org\/index.php\/wp-json\/wp\/v2\/users\/1"}],"replies":[{"embeddable":true,"href":"https:\/\/www.mppu.org\/index.php\/wp-json\/wp\/v2\/comments?post=241077"}],"version-history":[{"count":65,"href":"https:\/\/www.mppu.org\/index.php\/wp-json\/wp\/v2\/pages\/241077\/revisions"}],"predecessor-version":[{"id":244923,"href":"https:\/\/www.mppu.org\/index.php\/wp-json\/wp\/v2\/pages\/241077\/revisions\/244923"}],"wp:attachment":[{"href":"https:\/\/www.mppu.org\/index.php\/wp-json\/wp\/v2\/media?parent=241077"}],"curies":[{"name":"wp","href":"https:\/\/api.w.org\/{rel}","templated":true}]}}