{"id":241466,"date":"2025-05-07T13:38:17","date_gmt":"2025-05-07T11:38:17","guid":{"rendered":"https:\/\/www.mppu.org\/?page_id=241466"},"modified":"2026-01-20T18:28:04","modified_gmt":"2026-01-20T17:28:04","slug":"appello-per-una-nuova-qualita-della-politica","status":"publish","type":"page","link":"https:\/\/www.mppu.org\/index.php\/azione-politica\/appello-per-una-nuova-qualita-della-politica\/","title":{"rendered":"Appello per una nuova qualit\u00e0 della politica"},"content":{"rendered":"\t\t<div data-elementor-type=\"wp-page\" data-elementor-id=\"241466\" class=\"elementor elementor-241466\" data-elementor-post-type=\"page\">\n\t\t\t\t<div class=\"elementor-element elementor-element-2cef0b8 e-flex e-con-boxed e-con e-parent\" data-id=\"2cef0b8\" data-element_type=\"container\">\n\t\t\t\t\t<div class=\"e-con-inner\">\n\t\t\t\t<div class=\"elementor-element elementor-element-211816a elementor-blockquote--skin-border elementor-blockquote--button-color-official elementor-widget elementor-widget-blockquote\" data-id=\"211816a\" data-element_type=\"widget\" data-widget_type=\"blockquote.default\">\n\t\t\t\t<div class=\"elementor-widget-container\">\n\t\t\t\t\t\t\t<blockquote class=\"elementor-blockquote\">\n\t\t\t<p class=\"elementor-blockquote__content\">\n\t\t\t\tUn processo di costruzione collettiva e partecipativa\n\t\t\t<\/p>\n\t\t\t\t\t<\/blockquote>\n\t\t\t\t\t\t<\/div>\n\t\t\t\t<\/div>\n\t\t\t\t<div class=\"elementor-element elementor-element-a2f384b elementor-widget elementor-widget-text-editor\" data-id=\"a2f384b\" data-element_type=\"widget\" data-widget_type=\"text-editor.default\">\n\t\t\t\t<div class=\"elementor-widget-container\">\n\t\t\t\t\t\t\t\t\t<p><b>Culture politiche diverse, una piattaforma comune<\/b><\/p><p>Domenica 2 maggio si \u00e8 concluso il percorso partecipativo che, da dicembre 2020 a met\u00e0 aprile, ha interpellato i Centri nazionali del Mppu nel mondo e accanto a loro tanti amici, in 25 paesi (in Asia, Africa, Nord e Sud America, Europa), per la redazione di un testo scritto, dunque, a pi\u00f9 mani.<\/p><p>Il percorso ha portato ad una prima stesura e poi ad una seconda, per rispondere ai numerosi contributi che sono giunti. Anche il lavoro di traduzione in 7 lingue ha favorito la possibilit\u00e0 di misurare la distanza tra culture politiche differenti, seppure orientate al medesimo orizzonte, l\u2019unit\u00e0.<\/p><p>\u00a0<\/p><p><b>Perch\u00e9 un Appello? E a chi rivolgerlo?<\/b><\/p><p>La pandemia ha reso evidente un cambiamento epocale gi\u00e0 in atto, facendo emergere problematiche globali e locali strettamente connesse. Oggi il contesto mondiale non pu\u00f2 essere affrontato senza una cooperazione pi\u00f9 intensa, ma soprattutto senza una visione pi\u00f9 matura del presente e del futuro dell\u2019umanit\u00e0, plasmato dall\u2019interdipendenza tra generazioni, culture, mondi di vita.<\/p><p>In questo quadro, la politica sembra annaspare\u2026 Per questo ci siamo chiesti: \u00e8 possibile identificare il profilo e le funzioni specifiche di una politica degna della sua missione pi\u00f9 alta, quella di servire l\u2019umanit\u00e0?<\/p><p>Siamo convinti che ci sia una vocazione politica che riguarda tutti, ma con questo Appello abbiamo scelto di rivolgerci in particolare a quanti vivono l\u2019attivit\u00e0 politica come impegno principale: la nostra voce oggi si rivolge a loro.<\/p><p>\u00a0<\/p><p><b>\u201cCall for action\u201d: il dialogo si traduce in azione<\/b><\/p><p>Ci sembra che uno dei frutti pi\u00f9 consistenti non sia, alla fine, l\u2019Appello in s\u00e8, ma il laboratorio di dialogo e di impegno nei territori che abbiamo inaugurato in queste settimane \u201cper amare e guarire il mondo\u201d.<\/p><p>Come continuare ora? L\u2019Appello vuol essere un punto di partenza, una impegnativa piattaforma strategica per rilanciare un\u2019azione politica di qualit\u00e0 a partire dalle scelte quotidiane. E dunque, per tradurre fattivamente in specifiche agende di settore le convinzioni che abbiamo espresso: per il lavoro, la salute, la tutela dell\u2019ambiente, le migrazioni, i mercati finanziari, l\u2019educazione dei giovani, la comunicazione e il digitale, la cooperazione internazionale, l\u2019arte e la cultura\u2026<\/p><p><b>A noi l\u2019iniziativa!<\/b><\/p>\t\t\t\t\t\t\t\t<\/div>\n\t\t\t\t<\/div>\n\t\t<div class=\"elementor-element elementor-element-3fe138e e-grid e-con-full e-con e-child\" data-id=\"3fe138e\" data-element_type=\"container\">\n\t\t\t\t<div class=\"elementor-element elementor-element-6d162c5 elementor-align-center elementor-widget elementor-widget-button\" data-id=\"6d162c5\" data-element_type=\"widget\" data-widget_type=\"button.default\">\n\t\t\t\t<div class=\"elementor-widget-container\">\n\t\t\t\t\t\t\t\t\t<div class=\"elementor-button-wrapper\">\n\t\t\t\t\t<a class=\"elementor-button elementor-button-link elementor-size-sm\" href=\"https:\/\/www.mppu.org\/wp-content\/uploads\/2021\/05\/ITA-Appello-per-una-politica-di-qualita%CC%80.pdf\" target=\"_blank\">\n\t\t\t\t\t\t<span class=\"elementor-button-content-wrapper\">\n\t\t\t\t\t\t\t\t\t<span class=\"elementor-button-text\">APPELLO PER UNA POLITICA DI QUALITA\u2019<\/span>\n\t\t\t\t\t<\/span>\n\t\t\t\t\t<\/a>\n\t\t\t\t<\/div>\n\t\t\t\t\t\t\t\t<\/div>\n\t\t\t\t<\/div>\n\t\t\t\t<div class=\"elementor-element elementor-element-7e4e37f elementor-align-center elementor-widget elementor-widget-button\" data-id=\"7e4e37f\" data-element_type=\"widget\" data-widget_type=\"button.default\">\n\t\t\t\t<div class=\"elementor-widget-container\">\n\t\t\t\t\t\t\t\t\t<div class=\"elementor-button-wrapper\">\n\t\t\t\t\t<a class=\"elementor-button elementor-button-link elementor-size-sm\" href=\"https:\/\/mppu.org\/wp-content\/uploads\/2025\/12\/ENG-Call-For-a-Politics-of-Quality-3.pdf\" target=\"_blank\" rel=\"noopener\">\n\t\t\t\t\t\t<span class=\"elementor-button-content-wrapper\">\n\t\t\t\t\t\t\t\t\t<span class=\"elementor-button-text\">Call For a Politics of Quality<\/span>\n\t\t\t\t\t<\/span>\n\t\t\t\t\t<\/a>\n\t\t\t\t<\/div>\n\t\t\t\t\t\t\t\t<\/div>\n\t\t\t\t<\/div>\n\t\t\t\t<div class=\"elementor-element elementor-element-2204a09 elementor-align-center elementor-widget elementor-widget-button\" data-id=\"2204a09\" data-element_type=\"widget\" data-widget_type=\"button.default\">\n\t\t\t\t<div class=\"elementor-widget-container\">\n\t\t\t\t\t\t\t\t\t<div class=\"elementor-button-wrapper\">\n\t\t\t\t\t<a class=\"elementor-button elementor-button-link elementor-size-sm\" href=\"https:\/\/mppu.org\/wp-content\/uploads\/2025\/12\/DEU-D-Aufruf_fur-einer-Politik-mit-Qualitat.pdf\" target=\"_blank\" rel=\"noopener\">\n\t\t\t\t\t\t<span class=\"elementor-button-content-wrapper\">\n\t\t\t\t\t\t\t\t\t<span class=\"elementor-button-text\">D Aufruf_fu\u0308r einer Politik mit Qualita\u0308t<\/span>\n\t\t\t\t\t<\/span>\n\t\t\t\t\t<\/a>\n\t\t\t\t<\/div>\n\t\t\t\t\t\t\t\t<\/div>\n\t\t\t\t<\/div>\n\t\t\t\t<div class=\"elementor-element elementor-element-deba15a elementor-align-center elementor-widget elementor-widget-button\" data-id=\"deba15a\" data-element_type=\"widget\" data-widget_type=\"button.default\">\n\t\t\t\t<div class=\"elementor-widget-container\">\n\t\t\t\t\t\t\t\t\t<div class=\"elementor-button-wrapper\">\n\t\t\t\t\t<a class=\"elementor-button elementor-button-link elementor-size-sm\" href=\"https:\/\/dev.mppu.org\/wp-content\/uploads\/2025\/12\/ESP-Llamamiento-hacia-una-politica-de-calidad.pdf\" target=\"_blank\" rel=\"noopener\">\n\t\t\t\t\t\t<span class=\"elementor-button-content-wrapper\">\n\t\t\t\t\t\t\t\t\t<span class=\"elementor-button-text\">Llamamiento hacia una politica de calidad<\/span>\n\t\t\t\t\t<\/span>\n\t\t\t\t\t<\/a>\n\t\t\t\t<\/div>\n\t\t\t\t\t\t\t\t<\/div>\n\t\t\t\t<\/div>\n\t\t\t\t<div class=\"elementor-element elementor-element-0bb9865 elementor-align-center elementor-widget elementor-widget-button\" data-id=\"0bb9865\" data-element_type=\"widget\" data-widget_type=\"button.default\">\n\t\t\t\t<div class=\"elementor-widget-container\">\n\t\t\t\t\t\t\t\t\t<div class=\"elementor-button-wrapper\">\n\t\t\t\t\t<a class=\"elementor-button elementor-button-link elementor-size-sm\" href=\"https:\/\/mppu.org\/wp-content\/uploads\/2025\/12\/FRE-Appel-pour-une-politique-de-qualite.pdf\" target=\"_blank\" rel=\"noopener\">\n\t\t\t\t\t\t<span class=\"elementor-button-content-wrapper\">\n\t\t\t\t\t\t\t\t\t<span class=\"elementor-button-text\"> Appel pour une politique de qualite\u0301<\/span>\n\t\t\t\t\t<\/span>\n\t\t\t\t\t<\/a>\n\t\t\t\t<\/div>\n\t\t\t\t\t\t\t\t<\/div>\n\t\t\t\t<\/div>\n\t\t\t\t<div class=\"elementor-element elementor-element-a864ccc elementor-align-center elementor-widget elementor-widget-button\" data-id=\"a864ccc\" data-element_type=\"widget\" data-widget_type=\"button.default\">\n\t\t\t\t<div class=\"elementor-widget-container\">\n\t\t\t\t\t\t\t\t\t<div class=\"elementor-button-wrapper\">\n\t\t\t\t\t<a class=\"elementor-button elementor-button-link elementor-size-sm\" href=\"https:\/\/mppu.org\/wp-content\/uploads\/2025\/12\/POR-Apelo-por-uma-politica-de-qualidade.pdf\" target=\"_blank\" rel=\"noopener\">\n\t\t\t\t\t\t<span class=\"elementor-button-content-wrapper\">\n\t\t\t\t\t\t\t\t\t<span class=\"elementor-button-text\">Apelo por uma politica de qualidade<\/span>\n\t\t\t\t\t<\/span>\n\t\t\t\t\t<\/a>\n\t\t\t\t<\/div>\n\t\t\t\t\t\t\t\t<\/div>\n\t\t\t\t<\/div>\n\t\t\t\t<div class=\"elementor-element elementor-element-c6a31db elementor-align-center elementor-widget elementor-widget-button\" data-id=\"c6a31db\" data-element_type=\"widget\" data-widget_type=\"button.default\">\n\t\t\t\t<div class=\"elementor-widget-container\">\n\t\t\t\t\t\t\t\t\t<div class=\"elementor-button-wrapper\">\n\t\t\t\t\t<a class=\"elementor-button elementor-button-link elementor-size-sm\" href=\"https:\/\/mppu.org\/wp-content\/uploads\/2025\/12\/HUN-_A-minosegi-politikaert_-felhivas.pdf\" target=\"_blank\" rel=\"noopener\">\n\t\t\t\t\t\t<span class=\"elementor-button-content-wrapper\">\n\t\t\t\t\t\t\t\t\t<span class=\"elementor-button-text\">A mino\u030bse\u0301gi politika\u0301e\u0301rt_ felhi\u0301va\u0301s<\/span>\n\t\t\t\t\t<\/span>\n\t\t\t\t\t<\/a>\n\t\t\t\t<\/div>\n\t\t\t\t\t\t\t\t<\/div>\n\t\t\t\t<\/div>\n\t\t\t\t<\/div>\n\t\t\t\t<div class=\"elementor-element elementor-element-ab829c7 elementor-widget elementor-widget-text-editor\" data-id=\"ab829c7\" data-element_type=\"widget\" data-widget_type=\"text-editor.default\">\n\t\t\t\t<div class=\"elementor-widget-container\">\n\t\t\t\t\t\t\t\t\t<p>Se vuoi sapere di pi\u00f9 del processo e metterti in contatto con il Centro Nazionale MPPU nel tuo Paese, scrivi a:\u00a0<b>politicalinnovation@mppu.org<\/b><\/p><p>o puoi farlo in questo modulo:<\/p>\t\t\t\t\t\t\t\t<\/div>\n\t\t\t\t<\/div>\n\t\t\t\t<div class=\"elementor-element elementor-element-0750484 fluentform-widget-submit-button-custom elementor-widget elementor-widget-fluent-form-widget\" data-id=\"0750484\" data-element_type=\"widget\" data-widget_type=\"fluent-form-widget.default\">\n\t\t\t\t<div class=\"elementor-widget-container\">\n\t\t\t\t\t\n            <div class=\"fluentform-widget-wrapper fluentform-widget-align-default\">\n\n            \n            <div class='fluentform ff-default fluentform_wrapper_1 ffs_default_wrap'><form data-form_id=\"1\" id=\"fluentform_1\" class=\"frm-fluent-form fluent_form_1 ff-el-form-top ff_form_instance_1_1 ff-form-loading ffs_default\" data-form_instance=\"ff_form_instance_1_1\" method=\"POST\" ><fieldset  style=\"border: none!important;margin: 0!important;padding: 0!important;background-color: transparent!important;box-shadow: none!important;outline: none!important; min-inline-size: 100%;\">\n                    <legend class=\"ff_screen_reader_title\" style=\"display: block; margin: 0!important;padding: 0!important;height: 0!important;text-indent: -999999px;width: 0!important;overflow:hidden;\">Contact Form Demo<\/legend><input type='hidden' name='__fluent_form_embded_post_id' value='241466' \/><input type=\"hidden\" id=\"_fluentform_1_fluentformnonce\" name=\"_fluentform_1_fluentformnonce\" value=\"0f39e7400b\" \/><input type=\"hidden\" name=\"_wp_http_referer\" value=\"\/index.php\/wp-json\/wp\/v2\/pages\/241466\" \/><div data-type=\"name-element\" data-name=\"names\" class=\" ff-field_container ff-name-field-wrapper\" ><div class='ff-t-container'><div class='ff-t-cell '><div class='ff-el-group'><div class=\"ff-el-input--label ff-el-is-required asterisk-right\"><label for='ff_1_names_first_name_' >Nome<\/label><\/div><div class='ff-el-input--content'><input type=\"text\" name=\"names[first_name]\" id=\"ff_1_names_first_name_\" class=\"ff-el-form-control\" placeholder=\"First Name\" aria-invalid=\"false\" aria-required=true><\/div><\/div><\/div><div class='ff-t-cell '><div class='ff-el-group'><div class=\"ff-el-input--label ff-el-is-required asterisk-right\"><label for='ff_1_names_last_name_' >Cognome<\/label><\/div><div class='ff-el-input--content'><input type=\"text\" name=\"names[last_name]\" id=\"ff_1_names_last_name_\" class=\"ff-el-form-control\" placeholder=\"Last Name\" aria-invalid=\"false\" aria-required=true><\/div><\/div><\/div><\/div><\/div><div class='ff-el-group'><div class=\"ff-el-input--label ff-el-is-required asterisk-right\"><label for='ff_1_email' aria-label=\"Email\">Email<\/label><\/div><div class='ff-el-input--content'><input type=\"email\" name=\"email\" id=\"ff_1_email\" class=\"ff-el-form-control\" placeholder=\"Email Address\" data-name=\"email\"  aria-invalid=\"false\" aria-required=true><\/div><\/div><div class='ff-el-group'><div class=\"ff-el-input--label ff-el-is-required asterisk-right\"><label for='ff_1_subject' aria-label=\"Oggetto\">Oggetto<\/label><\/div><div class='ff-el-input--content'><input type=\"text\" name=\"subject\" class=\"ff-el-form-control\" placeholder=\"Oggetto\" data-name=\"subject\" id=\"ff_1_subject\"  aria-invalid=\"false\" aria-required=true><\/div><\/div><div class='ff-el-group'><div class=\"ff-el-input--label ff-el-is-required asterisk-right\"><label for='ff_1_message' aria-label=\"Messaggio\">Messaggio<\/label><\/div><div class='ff-el-input--content'><textarea aria-invalid=\"false\" aria-required=true name=\"message\" id=\"ff_1_message\" class=\"ff-el-form-control\" placeholder=\"Scrivi qui il tuo messaggio...\" rows=\"4\" cols=\"2\" data-name=\"message\" ><\/textarea><\/div><\/div><div class='ff-el-group ' ><div class='ff-el-input--content'><div data-fluent_id='1' name='h-captcha-response'><div\n\t\tdata-sitekey='15be4d74-d79a-4f14-af06-49aa25525f64'\n\t\tid='fluentform-hcaptcha-1-1'\n\t\tclass='ff-el-hcaptcha h-captcha'><\/div><\/div><\/div><\/div><div class='ff-el-group ff-text-left ff_submit_btn_wrapper'><button type=\"submit\" class=\"ff-btn ff-btn-submit ff-btn-md ff_btn_style\" >Invia <\/button><\/div><\/fieldset><\/form><div id='fluentform_1_errors' class='ff-errors-in-stack ff_form_instance_1_1 ff-form-loading_errors ff_form_instance_1_1_errors'><\/div><\/div>            <script type=\"text\/javascript\">\n                window.fluent_form_ff_form_instance_1_1 = {\"id\":\"1\",\"settings\":{\"layout\":{\"labelPlacement\":\"top\",\"helpMessagePlacement\":\"with_label\",\"errorMessagePlacement\":\"inline\",\"cssClassName\":\"\",\"asteriskPlacement\":\"asterisk-right\"},\"restrictions\":{\"denyEmptySubmission\":{\"enabled\":false}}},\"form_instance\":\"ff_form_instance_1_1\",\"form_id_selector\":\"fluentform_1\",\"rules\":{\"names[first_name]\":{\"required\":{\"value\":true,\"message\":\"Questo campo \\u00e8 obbligatorio\",\"global\":true,\"global_message\":\"Questo campo \\u00e8 obbligatorio\"}},\"names[middle_name]\":{\"required\":{\"value\":false,\"message\":\"This field is required\",\"global\":false,\"global_message\":\"Questo campo \\u00e8 obbligatorio\"}},\"names[last_name]\":{\"required\":{\"value\":true,\"message\":\"This field is required\",\"global\":false,\"global_message\":\"Questo campo \\u00e8 obbligatorio\"}},\"email\":{\"required\":{\"value\":true,\"message\":\"Questo campo \\u00e8 obbligatorio\",\"global\":true,\"global_message\":\"Questo campo \\u00e8 obbligatorio\"},\"email\":{\"value\":true,\"message\":\"This field must contain a valid email\",\"global\":false,\"global_message\":\"Questo campo deve contenere un indirizzo email valido\"}},\"subject\":{\"required\":{\"value\":true,\"message\":\"Questo campo \\u00e8 obbligatorio\",\"global\":true,\"global_message\":\"Questo campo \\u00e8 obbligatorio\"}},\"message\":{\"required\":{\"value\":true,\"message\":\"Questo campo \\u00e8 obbligatorio\",\"global\":true,\"global_message\":\"Questo campo \\u00e8 obbligatorio\"}},\"h-captcha-response\":[]},\"debounce_time\":300};\n                            <\/script>\n                        <\/div>\n\n            \t\t\t\t<\/div>\n\t\t\t\t<\/div>\n\t\t\t\t\t<\/div>\n\t\t\t\t<\/div>\n\t\t\t\t<\/div>\n\t\t","protected":false},"excerpt":{"rendered":"<p>Un processo di costruzione collettiva e partecipativa Culture politiche diverse, una piattaforma comune Domenica 2 maggio si \u00e8 concluso il percorso partecipativo che, da dicembre 2020 a met\u00e0 aprile, ha interpellato i Centri nazionali del Mppu nel mondo e accanto a loro tanti amici, in 25 paesi (in Asia, Africa, Nord e Sud America, Europa), [&hellip;]<\/p>\n","protected":false},"author":1,"featured_media":0,"parent":241450,"menu_order":0,"comment_status":"closed","ping_status":"closed","template":"","meta":{"_acf_changed":false,"footnotes":""},"class_list":["post-241466","page","type-page","status-publish","hentry"],"acf":[],"_links":{"self":[{"href":"https:\/\/www.mppu.org\/index.php\/wp-json\/wp\/v2\/pages\/241466","targetHints":{"allow":["GET"]}}],"collection":[{"href":"https:\/\/www.mppu.org\/index.php\/wp-json\/wp\/v2\/pages"}],"about":[{"href":"https:\/\/www.mppu.org\/index.php\/wp-json\/wp\/v2\/types\/page"}],"author":[{"embeddable":true,"href":"https:\/\/www.mppu.org\/index.php\/wp-json\/wp\/v2\/users\/1"}],"replies":[{"embeddable":true,"href":"https:\/\/www.mppu.org\/index.php\/wp-json\/wp\/v2\/comments?post=241466"}],"version-history":[{"count":36,"href":"https:\/\/www.mppu.org\/index.php\/wp-json\/wp\/v2\/pages\/241466\/revisions"}],"predecessor-version":[{"id":244833,"href":"https:\/\/www.mppu.org\/index.php\/wp-json\/wp\/v2\/pages\/241466\/revisions\/244833"}],"up":[{"embeddable":true,"href":"https:\/\/www.mppu.org\/index.php\/wp-json\/wp\/v2\/pages\/241450"}],"wp:attachment":[{"href":"https:\/\/www.mppu.org\/index.php\/wp-json\/wp\/v2\/media?parent=241466"}],"curies":[{"name":"wp","href":"https:\/\/api.w.org\/{rel}","templated":true}]}}