{"id":241545,"date":"2025-05-07T14:12:43","date_gmt":"2025-05-07T12:12:43","guid":{"rendered":"https:\/\/www.mppu.org\/?page_id=241545"},"modified":"2025-12-17T09:17:02","modified_gmt":"2025-12-17T08:17:02","slug":"testimoni","status":"publish","type":"page","link":"https:\/\/www.mppu.org\/index.php\/la-nostra-storia\/testimoni\/","title":{"rendered":"Testimoni"},"content":{"rendered":"\t\t<div data-elementor-type=\"wp-page\" data-elementor-id=\"241545\" class=\"elementor elementor-241545\" data-elementor-post-type=\"page\">\n\t\t\t\t<div class=\"elementor-element elementor-element-a6dcd82 e-flex e-con-boxed e-con e-parent\" data-id=\"a6dcd82\" data-element_type=\"container\">\n\t\t\t\t\t<div class=\"e-con-inner\">\n\t\t\t\t<div class=\"elementor-element elementor-element-dd12c87 elementor-widget elementor-widget-text-editor\" data-id=\"dd12c87\" data-element_type=\"widget\" data-widget_type=\"text-editor.default\">\n\t\t\t\t<div class=\"elementor-widget-container\">\n\t\t\t\t\t\t\t\t\t<p><span style=\"font-weight: 400;\">Alcune tracce della vita e dell\u2019impegno di alcuni attori di una politica per l\u2019unit\u00e0, che hanno lasciato al MPPU il loro incancellabile contributo.<\/span><\/p>\t\t\t\t\t\t\t\t<\/div>\n\t\t\t\t<\/div>\n\t\t\t\t<div class=\"elementor-element elementor-element-0bd41d4 elementor-grid-3 elementor-grid-tablet-2 elementor-grid-mobile-1 elementor-widget elementor-widget-loop-grid\" data-id=\"0bd41d4\" data-element_type=\"widget\" data-settings=\"{&quot;template_id&quot;:241546,&quot;pagination_type&quot;:&quot;load_more_infinite_scroll&quot;,&quot;_skin&quot;:&quot;post&quot;,&quot;columns&quot;:&quot;3&quot;,&quot;columns_tablet&quot;:&quot;2&quot;,&quot;columns_mobile&quot;:&quot;1&quot;,&quot;edit_handle_selector&quot;:&quot;[data-elementor-type=\\&quot;loop-item\\&quot;]&quot;,&quot;load_more_spinner&quot;:{&quot;value&quot;:&quot;fas fa-spinner&quot;,&quot;library&quot;:&quot;fa-solid&quot;},&quot;row_gap&quot;:{&quot;unit&quot;:&quot;px&quot;,&quot;size&quot;:&quot;&quot;,&quot;sizes&quot;:[]},&quot;row_gap_tablet&quot;:{&quot;unit&quot;:&quot;px&quot;,&quot;size&quot;:&quot;&quot;,&quot;sizes&quot;:[]},&quot;row_gap_mobile&quot;:{&quot;unit&quot;:&quot;px&quot;,&quot;size&quot;:&quot;&quot;,&quot;sizes&quot;:[]}}\" data-widget_type=\"loop-grid.post\">\n\t\t\t\t<div class=\"elementor-widget-container\">\n\t\t\t\t\t\t\t<div class=\"elementor-loop-container elementor-grid\">\n\t\t<style id=\"loop-dynamic-241546\">.e-loop-item-241184 .elementor-element.elementor-element-dcbc6ea:not(.elementor-motion-effects-element-type-background), .e-loop-item-241184 .elementor-element.elementor-element-dcbc6ea > .elementor-motion-effects-container > .elementor-motion-effects-layer{background-image:url(\"https:\/\/www.mppu.org\/wp-content\/uploads\/2020\/02\/1946.jpg\");}<\/style><style id=\"loop-241546\">.elementor-241546 .elementor-element.elementor-element-821707a{--display:flex;--flex-direction:column;--container-widget-width:100%;--container-widget-height:initial;--container-widget-flex-grow:0;--container-widget-align-self:initial;--flex-wrap-mobile:wrap;--justify-content:space-between;--border-radius:24px 24px 24px 24px;}.elementor-241546 .elementor-element.elementor-element-821707a:not(.elementor-motion-effects-element-type-background), .elementor-241546 .elementor-element.elementor-element-821707a > .elementor-motion-effects-container > .elementor-motion-effects-layer{background-color:var( --e-global-color-9165088 );}.elementor-241546 .elementor-element.elementor-element-dcbc6ea{--display:flex;--min-height:290px;--border-radius:12px 12px 12px 12px;}.elementor-241546 .elementor-element.elementor-element-dcbc6ea:not(.elementor-motion-effects-element-type-background), .elementor-241546 .elementor-element.elementor-element-dcbc6ea > .elementor-motion-effects-container > .elementor-motion-effects-layer{background-position:center center;background-repeat:no-repeat;background-size:cover;}\/* Start custom CSS for text-editor, class: .elementor-element-942eae8 *\/.card-excerpt {\r\n  display: -webkit-box;\r\n  -webkit-line-clamp: 3; \/* numero righe *\/\r\n  -webkit-box-orient: vertical;\r\n  overflow: hidden;\r\n}\/* End custom CSS *\/<\/style>\t\t<div data-elementor-type=\"loop-item\" data-elementor-id=\"241546\" class=\"elementor elementor-241546 e-loop-item e-loop-item-241184 post-241184 testimonial type-testimonial status-publish has-post-thumbnail hentry\" data-elementor-post-type=\"elementor_library\" data-custom-edit-handle=\"1\">\n\t\t\t<div class=\"elementor-element elementor-element-821707a e-flex e-con-boxed e-con e-parent\" data-id=\"821707a\" data-element_type=\"container\" data-settings=\"{&quot;background_background&quot;:&quot;classic&quot;}\">\n\t\t\t\t\t<div class=\"e-con-inner\">\n\t\t<div class=\"elementor-element elementor-element-dcbc6ea e-con-full e-flex e-con e-child\" data-id=\"dcbc6ea\" data-element_type=\"container\" data-settings=\"{&quot;background_background&quot;:&quot;classic&quot;}\">\n\t\t\t\t<\/div>\n\t\t\t\t<div class=\"elementor-element elementor-element-26fe934 elementor-widget elementor-widget-heading\" data-id=\"26fe934\" data-element_type=\"widget\" data-widget_type=\"heading.default\">\n\t\t\t\t<div class=\"elementor-widget-container\">\n\t\t\t\t\t<h3 class=\"elementor-heading-title elementor-size-default\">Igino Giordani<\/h3>\t\t\t\t<\/div>\n\t\t\t\t<\/div>\n\t\t\t\t<div class=\"elementor-element elementor-element-942eae8 card-excerpt elementor-widget elementor-widget-text-editor\" data-id=\"942eae8\" data-element_type=\"widget\" data-widget_type=\"text-editor.default\">\n\t\t\t\t<div class=\"elementor-widget-container\">\n\t\t\t\t\t\t\t\t\t\u201cLa politica \u00e8 fatta per il popolo e non il popolo per la politica. Essa \u00e8 un mezzo, non \u00e8 un fine. Prima la morale, prima l\u2019uomo, prima la collettivit\u00e0, poi il partito, poi le tavole del programma, poi le teorie di governo.\r\nLa politica \u00e8 \u2013 nel pi\u00f9 dignitoso senso cristiano \u2013 una ancella, e non deve diventare padrona: non farsi abuso, n\u00e9 dominio e neppure dogma. Qui \u00e8 la sua funzione e la sua dignit\u00e0: d\u2019essere servizio sociale, carit\u00e0 in atto: la prima forma della carit\u00e0 di patria\u201d.\r\n\t\t\t\t\t\t\t\t<\/div>\n\t\t\t\t<\/div>\n\t\t\t\t<div class=\"elementor-element elementor-element-37823b6 elementor-align-justify elementor-widget elementor-widget-button\" data-id=\"37823b6\" data-element_type=\"widget\" data-widget_type=\"button.default\">\n\t\t\t\t<div class=\"elementor-widget-container\">\n\t\t\t\t\t\t\t\t\t<div class=\"elementor-button-wrapper\">\n\t\t\t\t\t<a class=\"elementor-button elementor-button-link elementor-size-sm\" href=\"https:\/\/www.mppu.org\/index.php\/testimonial\/igino-giordani\/\">\n\t\t\t\t\t\t<span class=\"elementor-button-content-wrapper\">\n\t\t\t\t\t\t\t\t\t<span class=\"elementor-button-text\">Leggi di pi\u00f9<\/span>\n\t\t\t\t\t<\/span>\n\t\t\t\t\t<\/a>\n\t\t\t\t<\/div>\n\t\t\t\t\t\t\t\t<\/div>\n\t\t\t\t<\/div>\n\t\t\t\t\t<\/div>\n\t\t\t\t<\/div>\n\t\t\t\t<\/div>\n\t\t<style id=\"loop-dynamic-241546\">.e-loop-item-241442 .elementor-element.elementor-element-dcbc6ea:not(.elementor-motion-effects-element-type-background), .e-loop-item-241442 .elementor-element.elementor-element-dcbc6ea > .elementor-motion-effects-container > .elementor-motion-effects-layer{background-image:url(\"https:\/\/www.mppu.org\/wp-content\/uploads\/2020\/06\/sorgi.jpg\");}<\/style>\t\t<div data-elementor-type=\"loop-item\" data-elementor-id=\"241546\" class=\"elementor elementor-241546 e-loop-item e-loop-item-241442 post-241442 testimonial type-testimonial status-publish has-post-thumbnail hentry\" data-elementor-post-type=\"elementor_library\" data-custom-edit-handle=\"1\">\n\t\t\t<div class=\"elementor-element elementor-element-821707a e-flex e-con-boxed e-con e-parent\" data-id=\"821707a\" data-element_type=\"container\" data-settings=\"{&quot;background_background&quot;:&quot;classic&quot;}\">\n\t\t\t\t\t<div class=\"e-con-inner\">\n\t\t<div class=\"elementor-element elementor-element-dcbc6ea e-con-full e-flex e-con e-child\" data-id=\"dcbc6ea\" data-element_type=\"container\" data-settings=\"{&quot;background_background&quot;:&quot;classic&quot;}\">\n\t\t\t\t<\/div>\n\t\t\t\t<div class=\"elementor-element elementor-element-26fe934 elementor-widget elementor-widget-heading\" data-id=\"26fe934\" data-element_type=\"widget\" data-widget_type=\"heading.default\">\n\t\t\t\t<div class=\"elementor-widget-container\">\n\t\t\t\t\t<h3 class=\"elementor-heading-title elementor-size-default\">Tommaso Sorgi<\/h3>\t\t\t\t<\/div>\n\t\t\t\t<\/div>\n\t\t\t\t<div class=\"elementor-element elementor-element-942eae8 card-excerpt elementor-widget elementor-widget-text-editor\" data-id=\"942eae8\" data-element_type=\"widget\" data-widget_type=\"text-editor.default\">\n\t\t\t\t<div class=\"elementor-widget-container\">\n\t\t\t\t\t\t\t\t\t\u201cNoi pensiamo, invece, la politica come \u201carte di vivere la cosa pubblica\u201d, come \u00abcura dell\u2019ordinato vivere civile in vista di uno scopo comune essenziale\u00bb: un\u2019arte che coinvolge tutta la societ\u00e0 nel curare lo svolgersi e il progredire della propria vita a tutela e promozione del bene dei vari soggetti sociali, individuali e collettivi, con l\u2019obiettivo di fondo del bene comune. La politica \u00e8 proprio \u00abl\u2019arte del bene comune\u00bb; il suo esercizio comporta la ragionevole distribuzione di compiti nelle diverse funzioni, compresa naturalmente la funzione del governare ai vari livelli, legiferando e amministrando. \r\nE i cittadini hanno da svolgere la funzione, non meno essenziale, dell\u2019osservare le leggi e vivere le istituzioni, anche operando per modificarle, sempre con seriet\u00e0 civica. Da loro si attende il \u201cplebiscito di ogni giorno\u201d, il rinnovo quotidiano del patto sociale [&#8230;] con esso \u00e8 la polis a fiorire, e gli stessi poteri pubblici vengono affiancati e stimolati all\u2019arte del buon governo.\u201d\r\n\r\n\t\t\t\t\t\t\t\t<\/div>\n\t\t\t\t<\/div>\n\t\t\t\t<div class=\"elementor-element elementor-element-37823b6 elementor-align-justify elementor-widget elementor-widget-button\" data-id=\"37823b6\" data-element_type=\"widget\" data-widget_type=\"button.default\">\n\t\t\t\t<div class=\"elementor-widget-container\">\n\t\t\t\t\t\t\t\t\t<div class=\"elementor-button-wrapper\">\n\t\t\t\t\t<a class=\"elementor-button elementor-button-link elementor-size-sm\" href=\"https:\/\/www.mppu.org\/index.php\/testimonial\/tommaso-sorgi\/\">\n\t\t\t\t\t\t<span class=\"elementor-button-content-wrapper\">\n\t\t\t\t\t\t\t\t\t<span class=\"elementor-button-text\">Leggi di pi\u00f9<\/span>\n\t\t\t\t\t<\/span>\n\t\t\t\t\t<\/a>\n\t\t\t\t<\/div>\n\t\t\t\t\t\t\t\t<\/div>\n\t\t\t\t<\/div>\n\t\t\t\t\t<\/div>\n\t\t\t\t<\/div>\n\t\t\t\t<\/div>\n\t\t<style id=\"loop-dynamic-241546\">.e-loop-item-241626 .elementor-element.elementor-element-dcbc6ea:not(.elementor-motion-effects-element-type-background), .e-loop-item-241626 .elementor-element.elementor-element-dcbc6ea > .elementor-motion-effects-container > .elementor-motion-effects-layer{background-image:url(\"https:\/\/www.mppu.org\/wp-content\/uploads\/2020\/02\/domenico_1510665776.jpg\");}<\/style>\t\t<div data-elementor-type=\"loop-item\" data-elementor-id=\"241546\" class=\"elementor elementor-241546 e-loop-item e-loop-item-241626 post-241626 testimonial type-testimonial status-publish has-post-thumbnail hentry\" data-elementor-post-type=\"elementor_library\" data-custom-edit-handle=\"1\">\n\t\t\t<div class=\"elementor-element elementor-element-821707a e-flex e-con-boxed e-con e-parent\" data-id=\"821707a\" data-element_type=\"container\" data-settings=\"{&quot;background_background&quot;:&quot;classic&quot;}\">\n\t\t\t\t\t<div class=\"e-con-inner\">\n\t\t<div class=\"elementor-element elementor-element-dcbc6ea e-con-full e-flex e-con e-child\" data-id=\"dcbc6ea\" data-element_type=\"container\" data-settings=\"{&quot;background_background&quot;:&quot;classic&quot;}\">\n\t\t\t\t<\/div>\n\t\t\t\t<div class=\"elementor-element elementor-element-26fe934 elementor-widget elementor-widget-heading\" data-id=\"26fe934\" data-element_type=\"widget\" data-widget_type=\"heading.default\">\n\t\t\t\t<div class=\"elementor-widget-container\">\n\t\t\t\t\t<h3 class=\"elementor-heading-title elementor-size-default\">Domenico Mangano<\/h3>\t\t\t\t<\/div>\n\t\t\t\t<\/div>\n\t\t\t\t<div class=\"elementor-element elementor-element-942eae8 card-excerpt elementor-widget elementor-widget-text-editor\" data-id=\"942eae8\" data-element_type=\"widget\" data-widget_type=\"text-editor.default\">\n\t\t\t\t<div class=\"elementor-widget-container\">\n\t\t\t\t\t\t\t\t\t\u201cQuando vi impegnate per la pace, o in favore dei poveri, voi fate politica. Politica deriva da polis, una comunit\u00e0 che si amministra come se fosse una famiglia, in cui io vivo e contribuisco al suo funzionamento. Cos\u00ec sar\u00e0 nella polis, dove i miei comportamenti produrranno l\u2019armonia piuttosto che la confusione. Se mi comporter\u00f2 con le cose pubbliche come mi comporterei con le mie, creer\u00f2 armonia [\u2026] \r\nAderire alla politica \u00e8 dunque diventare pienamente cittadini. E contribuire a trasmettere anche a tanti altri questa determinazione: come? Non solo amando le cose materiali della mia citt\u00e0 &#8211; gli alberi, la scuola, la strada &#8211; ma amando le persone che vi vivono [&#8230;] Tutte queste persone sono la polis: sono tutte candidate a formare una comunit\u00e0.\u201d\r\n\r\n\t\t\t\t\t\t\t\t<\/div>\n\t\t\t\t<\/div>\n\t\t\t\t<div class=\"elementor-element elementor-element-37823b6 elementor-align-justify elementor-widget elementor-widget-button\" data-id=\"37823b6\" data-element_type=\"widget\" data-widget_type=\"button.default\">\n\t\t\t\t<div class=\"elementor-widget-container\">\n\t\t\t\t\t\t\t\t\t<div class=\"elementor-button-wrapper\">\n\t\t\t\t\t<a class=\"elementor-button elementor-button-link elementor-size-sm\" href=\"https:\/\/www.mppu.org\/index.php\/testimonial\/domenico-mangano\/\">\n\t\t\t\t\t\t<span class=\"elementor-button-content-wrapper\">\n\t\t\t\t\t\t\t\t\t<span class=\"elementor-button-text\">Leggi di pi\u00f9<\/span>\n\t\t\t\t\t<\/span>\n\t\t\t\t\t<\/a>\n\t\t\t\t<\/div>\n\t\t\t\t\t\t\t\t<\/div>\n\t\t\t\t<\/div>\n\t\t\t\t\t<\/div>\n\t\t\t\t<\/div>\n\t\t\t\t<\/div>\n\t\t<style id=\"loop-dynamic-241546\">.e-loop-item-244635 .elementor-element.elementor-element-dcbc6ea:not(.elementor-motion-effects-element-type-background), .e-loop-item-244635 .elementor-element.elementor-element-dcbc6ea > .elementor-motion-effects-container > .elementor-motion-effects-layer{background-image:url(\"https:\/\/www.mppu.org\/wp-content\/uploads\/2020\/02\/lux-1.jpg\");}<\/style>\t\t<div data-elementor-type=\"loop-item\" data-elementor-id=\"241546\" class=\"elementor elementor-241546 e-loop-item e-loop-item-244635 post-244635 testimonial type-testimonial status-publish has-post-thumbnail hentry\" data-elementor-post-type=\"elementor_library\" data-custom-edit-handle=\"1\">\n\t\t\t<div class=\"elementor-element elementor-element-821707a e-flex e-con-boxed e-con e-parent\" data-id=\"821707a\" data-element_type=\"container\" data-settings=\"{&quot;background_background&quot;:&quot;classic&quot;}\">\n\t\t\t\t\t<div class=\"e-con-inner\">\n\t\t<div class=\"elementor-element elementor-element-dcbc6ea e-con-full e-flex e-con e-child\" data-id=\"dcbc6ea\" data-element_type=\"container\" data-settings=\"{&quot;background_background&quot;:&quot;classic&quot;}\">\n\t\t\t\t<\/div>\n\t\t\t\t<div class=\"elementor-element elementor-element-26fe934 elementor-widget elementor-widget-heading\" data-id=\"26fe934\" data-element_type=\"widget\" data-widget_type=\"heading.default\">\n\t\t\t\t<div class=\"elementor-widget-container\">\n\t\t\t\t\t<h3 class=\"elementor-heading-title elementor-size-default\">Josef Lux<\/h3>\t\t\t\t<\/div>\n\t\t\t\t<\/div>\n\t\t\t\t<div class=\"elementor-element elementor-element-942eae8 card-excerpt elementor-widget elementor-widget-text-editor\" data-id=\"942eae8\" data-element_type=\"widget\" data-widget_type=\"text-editor.default\">\n\t\t\t\t<div class=\"elementor-widget-container\">\n\t\t\t\t\t\t\t\t\t\u201cNon \u00e8 stato solo un grande politico, ma un grande uomo, sempre e dovunque.\u201d\r\n\t\t\t\t\t\t\t\t<\/div>\n\t\t\t\t<\/div>\n\t\t\t\t<div class=\"elementor-element elementor-element-37823b6 elementor-align-justify elementor-widget elementor-widget-button\" data-id=\"37823b6\" data-element_type=\"widget\" data-widget_type=\"button.default\">\n\t\t\t\t<div class=\"elementor-widget-container\">\n\t\t\t\t\t\t\t\t\t<div class=\"elementor-button-wrapper\">\n\t\t\t\t\t<a class=\"elementor-button elementor-button-link elementor-size-sm\" href=\"https:\/\/www.mppu.org\/index.php\/testimonial\/josef-lux\/\">\n\t\t\t\t\t\t<span class=\"elementor-button-content-wrapper\">\n\t\t\t\t\t\t\t\t\t<span class=\"elementor-button-text\">Leggi di pi\u00f9<\/span>\n\t\t\t\t\t<\/span>\n\t\t\t\t\t<\/a>\n\t\t\t\t<\/div>\n\t\t\t\t\t\t\t\t<\/div>\n\t\t\t\t<\/div>\n\t\t\t\t\t<\/div>\n\t\t\t\t<\/div>\n\t\t\t\t<\/div>\n\t\t<style id=\"loop-dynamic-241546\">.e-loop-item-244636 .elementor-element.elementor-element-dcbc6ea:not(.elementor-motion-effects-element-type-background), .e-loop-item-244636 .elementor-element.elementor-element-dcbc6ea > .elementor-motion-effects-container > .elementor-motion-effects-layer{background-image:url(\"https:\/\/www.mppu.org\/wp-content\/uploads\/2020\/02\/fioravanti-1.jpg\");}<\/style>\t\t<div data-elementor-type=\"loop-item\" data-elementor-id=\"241546\" class=\"elementor elementor-241546 e-loop-item e-loop-item-244636 post-244636 testimonial type-testimonial status-publish has-post-thumbnail hentry\" data-elementor-post-type=\"elementor_library\" data-custom-edit-handle=\"1\">\n\t\t\t<div class=\"elementor-element elementor-element-821707a e-flex e-con-boxed e-con e-parent\" data-id=\"821707a\" data-element_type=\"container\" data-settings=\"{&quot;background_background&quot;:&quot;classic&quot;}\">\n\t\t\t\t\t<div class=\"e-con-inner\">\n\t\t<div class=\"elementor-element elementor-element-dcbc6ea e-con-full e-flex e-con e-child\" data-id=\"dcbc6ea\" data-element_type=\"container\" data-settings=\"{&quot;background_background&quot;:&quot;classic&quot;}\">\n\t\t\t\t<\/div>\n\t\t\t\t<div class=\"elementor-element elementor-element-26fe934 elementor-widget elementor-widget-heading\" data-id=\"26fe934\" data-element_type=\"widget\" data-widget_type=\"heading.default\">\n\t\t\t\t<div class=\"elementor-widget-container\">\n\t\t\t\t\t<h3 class=\"elementor-heading-title elementor-size-default\">Domenico Fioravanti<\/h3>\t\t\t\t<\/div>\n\t\t\t\t<\/div>\n\t\t\t\t<div class=\"elementor-element elementor-element-942eae8 card-excerpt elementor-widget elementor-widget-text-editor\" data-id=\"942eae8\" data-element_type=\"widget\" data-widget_type=\"text-editor.default\">\n\t\t\t\t<div class=\"elementor-widget-container\">\n\t\t\t\t\t\t\t\t\tIl politico, per lui, era colui che sa guardare lontano, che sa \u201csognare\u201d e che sa poi lavorare per dare forma a questi sogni.\t\t\t\t\t\t\t\t<\/div>\n\t\t\t\t<\/div>\n\t\t\t\t<div class=\"elementor-element elementor-element-37823b6 elementor-align-justify elementor-widget elementor-widget-button\" data-id=\"37823b6\" data-element_type=\"widget\" data-widget_type=\"button.default\">\n\t\t\t\t<div class=\"elementor-widget-container\">\n\t\t\t\t\t\t\t\t\t<div class=\"elementor-button-wrapper\">\n\t\t\t\t\t<a class=\"elementor-button elementor-button-link elementor-size-sm\" href=\"https:\/\/www.mppu.org\/index.php\/testimonial\/domenico-fioravanti\/\">\n\t\t\t\t\t\t<span class=\"elementor-button-content-wrapper\">\n\t\t\t\t\t\t\t\t\t<span class=\"elementor-button-text\">Leggi di pi\u00f9<\/span>\n\t\t\t\t\t<\/span>\n\t\t\t\t\t<\/a>\n\t\t\t\t<\/div>\n\t\t\t\t\t\t\t\t<\/div>\n\t\t\t\t<\/div>\n\t\t\t\t\t<\/div>\n\t\t\t\t<\/div>\n\t\t\t\t<\/div>\n\t\t<style id=\"loop-dynamic-241546\">.e-loop-item-244808 .elementor-element.elementor-element-dcbc6ea:not(.elementor-motion-effects-element-type-background), .e-loop-item-244808 .elementor-element.elementor-element-dcbc6ea > .elementor-motion-effects-container > .elementor-motion-effects-layer{background-image:url(\"https:\/\/www.mppu.org\/wp-content\/uploads\/2026\/01\/unnamed.jpg\");}<\/style>\t\t<div data-elementor-type=\"loop-item\" data-elementor-id=\"241546\" class=\"elementor elementor-241546 e-loop-item e-loop-item-244808 post-244808 testimonial type-testimonial status-publish has-post-thumbnail hentry\" data-elementor-post-type=\"elementor_library\" data-custom-edit-handle=\"1\">\n\t\t\t<div class=\"elementor-element elementor-element-821707a e-flex e-con-boxed e-con e-parent\" data-id=\"821707a\" data-element_type=\"container\" data-settings=\"{&quot;background_background&quot;:&quot;classic&quot;}\">\n\t\t\t\t\t<div class=\"e-con-inner\">\n\t\t<div class=\"elementor-element elementor-element-dcbc6ea e-con-full e-flex e-con e-child\" data-id=\"dcbc6ea\" data-element_type=\"container\" data-settings=\"{&quot;background_background&quot;:&quot;classic&quot;}\">\n\t\t\t\t<\/div>\n\t\t\t\t<div class=\"elementor-element elementor-element-26fe934 elementor-widget elementor-widget-heading\" data-id=\"26fe934\" data-element_type=\"widget\" data-widget_type=\"heading.default\">\n\t\t\t\t<div class=\"elementor-widget-container\">\n\t\t\t\t\t<h3 class=\"elementor-heading-title elementor-size-default\">Massimo Toschi<\/h3>\t\t\t\t<\/div>\n\t\t\t\t<\/div>\n\t\t\t\t<div class=\"elementor-element elementor-element-942eae8 card-excerpt elementor-widget elementor-widget-text-editor\" data-id=\"942eae8\" data-element_type=\"widget\" data-widget_type=\"text-editor.default\">\n\t\t\t\t<div class=\"elementor-widget-container\">\n\t\t\t\t\t\t\t\t\t\u00ab\u2026ho pensato che io ero solamente il prestanome delle vittime, in particolare i bambini, quelli che pagano sempre il prezzo pi\u00f9 alto della stoltezza del mondo\u2026 \u2026la mia disabilit\u00e0 mi ha insegnato che c\u2019\u00e8 una unica forza che salva il mondo: la forza della mitezza, che fa dei poveri i maestri della pace.\u00bb\t\t\t\t\t\t\t\t<\/div>\n\t\t\t\t<\/div>\n\t\t\t\t<div class=\"elementor-element elementor-element-37823b6 elementor-align-justify elementor-widget elementor-widget-button\" data-id=\"37823b6\" data-element_type=\"widget\" data-widget_type=\"button.default\">\n\t\t\t\t<div class=\"elementor-widget-container\">\n\t\t\t\t\t\t\t\t\t<div class=\"elementor-button-wrapper\">\n\t\t\t\t\t<a class=\"elementor-button elementor-button-link elementor-size-sm\" href=\"https:\/\/www.mppu.org\/index.php\/testimonial\/massimo-toschi\/\">\n\t\t\t\t\t\t<span class=\"elementor-button-content-wrapper\">\n\t\t\t\t\t\t\t\t\t<span class=\"elementor-button-text\">Leggi di pi\u00f9<\/span>\n\t\t\t\t\t<\/span>\n\t\t\t\t\t<\/a>\n\t\t\t\t<\/div>\n\t\t\t\t\t\t\t\t<\/div>\n\t\t\t\t<\/div>\n\t\t\t\t\t<\/div>\n\t\t\t\t<\/div>\n\t\t\t\t<\/div>\n\t\t\t\t<\/div>\n\t\t\t\t\t<span class=\"e-load-more-spinner\">\n\t\t\t\t<svg aria-hidden=\"true\" class=\"e-font-icon-svg e-fas-spinner\" viewBox=\"0 0 512 512\" xmlns=\"http:\/\/www.w3.org\/2000\/svg\"><path d=\"M304 48c0 26.51-21.49 48-48 48s-48-21.49-48-48 21.49-48 48-48 48 21.49 48 48zm-48 368c-26.51 0-48 21.49-48 48s21.49 48 48 48 48-21.49 48-48-21.49-48-48-48zm208-208c-26.51 0-48 21.49-48 48s21.49 48 48 48 48-21.49 48-48-21.49-48-48-48zM96 256c0-26.51-21.49-48-48-48S0 229.49 0 256s21.49 48 48 48 48-21.49 48-48zm12.922 99.078c-26.51 0-48 21.49-48 48s21.49 48 48 48 48-21.49 48-48c0-26.509-21.491-48-48-48zm294.156 0c-26.51 0-48 21.49-48 48s21.49 48 48 48 48-21.49 48-48c0-26.509-21.49-48-48-48zM108.922 60.922c-26.51 0-48 21.49-48 48s21.49 48 48 48 48-21.49 48-48-21.491-48-48-48z\"><\/path><\/svg>\t\t\t<\/span>\n\t\t\n\t\t\t\t<div class=\"e-load-more-anchor\" data-page=\"1\" data-max-page=\"2\" data-next-page=\"https:\/\/www.mppu.org\/index.php\/wp-json\/wp\/v2\/pages\/241545\/page\/2\/\"><\/div>\n\t\t\t\t<div class=\"e-load-more-message\"><\/div>\n\t\t\t\t\t\t<\/div>\n\t\t\t\t<\/div>\n\t\t\t\t\t<\/div>\n\t\t\t\t<\/div>\n\t\t\t\t<\/div>\n\t\t","protected":false},"excerpt":{"rendered":"<p>Alcune tracce della vita e dell\u2019impegno di alcuni attori di una politica per l\u2019unit\u00e0, che hanno lasciato al MPPU il loro incancellabile contributo.<\/p>\n","protected":false},"author":1,"featured_media":0,"parent":241077,"menu_order":0,"comment_status":"closed","ping_status":"closed","template":"","meta":{"_acf_changed":false,"footnotes":""},"class_list":["post-241545","page","type-page","status-publish","hentry"],"acf":[],"_links":{"self":[{"href":"https:\/\/www.mppu.org\/index.php\/wp-json\/wp\/v2\/pages\/241545","targetHints":{"allow":["GET"]}}],"collection":[{"href":"https:\/\/www.mppu.org\/index.php\/wp-json\/wp\/v2\/pages"}],"about":[{"href":"https:\/\/www.mppu.org\/index.php\/wp-json\/wp\/v2\/types\/page"}],"author":[{"embeddable":true,"href":"https:\/\/www.mppu.org\/index.php\/wp-json\/wp\/v2\/users\/1"}],"replies":[{"embeddable":true,"href":"https:\/\/www.mppu.org\/index.php\/wp-json\/wp\/v2\/comments?post=241545"}],"version-history":[{"count":18,"href":"https:\/\/www.mppu.org\/index.php\/wp-json\/wp\/v2\/pages\/241545\/revisions"}],"predecessor-version":[{"id":244695,"href":"https:\/\/www.mppu.org\/index.php\/wp-json\/wp\/v2\/pages\/241545\/revisions\/244695"}],"up":[{"embeddable":true,"href":"https:\/\/www.mppu.org\/index.php\/wp-json\/wp\/v2\/pages\/241077"}],"wp:attachment":[{"href":"https:\/\/www.mppu.org\/index.php\/wp-json\/wp\/v2\/media?parent=241545"}],"curies":[{"name":"wp","href":"https:\/\/api.w.org\/{rel}","templated":true}]}}