{"id":244104,"date":"2025-12-01T14:23:36","date_gmt":"2025-12-01T13:23:36","guid":{"rendered":"https:\/\/www.mppu.org\/?page_id=244104"},"modified":"2025-12-16T23:39:35","modified_gmt":"2025-12-16T22:39:35","slug":"formazione","status":"publish","type":"page","link":"https:\/\/www.mppu.org\/index.php\/formazione\/","title":{"rendered":"Formazione"},"content":{"rendered":"\t\t<div data-elementor-type=\"wp-page\" data-elementor-id=\"244104\" class=\"elementor elementor-244104\" data-elementor-post-type=\"page\">\n\t\t\t\t<div class=\"elementor-element elementor-element-4c78b24 e-flex e-con-boxed e-con e-parent\" data-id=\"4c78b24\" data-element_type=\"container\">\n\t\t\t\t\t<div class=\"e-con-inner\">\n\t\t\t\t<div class=\"elementor-element elementor-element-468a6ec elementor-widget elementor-widget-text-editor\" data-id=\"468a6ec\" data-element_type=\"widget\" data-widget_type=\"text-editor.default\">\n\t\t\t\t<div class=\"elementor-widget-container\">\n\t\t\t\t\t\t\t\t\t<div class=\"fusion-text\"><p><span style=\"font-weight: 400;\">Promuoviamo una formazione fondata sull\u2019ascolto e sul dialogo, capace di valorizzare e integrare diverse esperienze, idee e pratiche politiche maturate in contesti storici, geografici e culturali distinti.\u00a0<\/span><\/p><p><span style=\"font-weight: 400;\">Invitiamo politici, diplomatici, funzionari pubblici, studiosi e cittadini attivi a partecipare a spazi di incontro e di elaborazione condivisa, in cui la politica torna a essere luogo di relazione e di costruzione del bene comune, guidati dall\u2019Ideale dell\u2019Unit\u00e0.\u00a0<\/span><\/p><p><span style=\"font-weight: 400;\">Accompagniamo con particolare dedizione i <strong><a href=\"https:\/\/dev.mppu.org\/index.php\/formazione\/scuole-di-partecipazione\/\" target=\"_blank\" rel=\"noopener\">giovani<\/a><\/strong>, incoraggiandoli a vivere con consapevolezza e responsabilit\u00e0 la dimensione della cittadinanza a livello locale, nazionale e internazionale. <\/span><\/p><\/div>\t\t\t\t\t\t\t\t<\/div>\n\t\t\t\t<\/div>\n\t\t\t\t\t<\/div>\n\t\t\t\t<\/div>\n\t\t<div class=\"elementor-element elementor-element-4dbd401 e-flex e-con-boxed e-con e-parent\" data-id=\"4dbd401\" data-element_type=\"container\">\n\t\t\t\t\t<div class=\"e-con-inner\">\n\t\t<div class=\"elementor-element elementor-element-87d0f8d e-con-full e-flex e-con e-child\" data-id=\"87d0f8d\" data-element_type=\"container\" data-settings=\"{&quot;background_background&quot;:&quot;classic&quot;}\">\n\t\t\t\t<div class=\"elementor-element elementor-element-400a03d elementor-widget elementor-widget-image\" data-id=\"400a03d\" data-element_type=\"widget\" data-widget_type=\"image.default\">\n\t\t\t\t<div class=\"elementor-widget-container\">\n\t\t\t\t\t\t\t\t\t\t\t\t\t\t\t<img fetchpriority=\"high\" decoding=\"async\" width=\"577\" height=\"165\" src=\"https:\/\/www.mppu.org\/wp-content\/uploads\/2025\/12\/logoSOPHIAweb.png\" class=\"attachment-large size-large wp-image-244109\" alt=\"\" srcset=\"https:\/\/www.mppu.org\/wp-content\/uploads\/2025\/12\/logoSOPHIAweb.png 577w, https:\/\/www.mppu.org\/wp-content\/uploads\/2025\/12\/logoSOPHIAweb-300x86.png 300w\" sizes=\"(max-width: 577px) 100vw, 577px\" \/>\t\t\t\t\t\t\t\t\t\t\t\t\t\t\t<\/div>\n\t\t\t\t<\/div>\n\t\t\t\t<\/div>\n\t\t\t\t\t<\/div>\n\t\t\t\t<\/div>\n\t\t<div class=\"elementor-element elementor-element-484b6a6 e-flex e-con-boxed e-con e-parent\" data-id=\"484b6a6\" data-element_type=\"container\">\n\t\t\t\t\t<div class=\"e-con-inner\">\n\t\t\t\t<div class=\"elementor-element elementor-element-4f0c865 elementor-widget elementor-widget-text-editor\" data-id=\"4f0c865\" data-element_type=\"widget\" data-widget_type=\"text-editor.default\">\n\t\t\t\t<div class=\"elementor-widget-container\">\n\t\t\t\t\t\t\t\t\t<p><b>STUDIARE SCIENZE POLITICHE ALL\u2019ISTITUTO UNIVERSITARIO SOPHIA<\/b><\/p><p>Sede di eccellenza per una formazione accademica specialistica in scienze politiche \u00e8 l\u2019Istituto Universitario Sophia, nel clima di un campus internazionale dove, prima di studiare la fraternit\u00e0 e la partecipazione in biblioteca o davanti al computer, \u00e8 la vita di ogni giorno a mettere alla prova i nostri obiettivi.<\/p>\t\t\t\t\t\t\t\t<\/div>\n\t\t\t\t<\/div>\n\t\t\t\t<div class=\"elementor-element elementor-element-37805c3 elementor-blockquote--skin-border elementor-blockquote--button-color-official elementor-widget elementor-widget-blockquote\" data-id=\"37805c3\" data-element_type=\"widget\" data-widget_type=\"blockquote.default\">\n\t\t\t\t<div class=\"elementor-widget-container\">\n\t\t\t\t\t\t\t<blockquote class=\"elementor-blockquote\">\n\t\t\t<p class=\"elementor-blockquote__content\">\n\t\t\t\t\u201cE\u2019 il tempo in cui viviamo a chiedere pi\u00f9 che mai di dare alla politica la centralit\u00e0 che ha, il suo significato forte, perch\u00e9 servono radici solide e competenze vaste per stare nell\u2019attualit\u00e0 con tutti i suoi problemi. La nuova offerta di Sophia incrocia esattamente queste esigenze introdotti da un percorso interdisciplinare comune che d\u00e0 un quadro di riferimento unitario e fa s\u00ec che le discipline si incontrino in modo non ingenuo. Del resto, non \u00e8 possibile riproporre analisi e scenari tradizionali se proprio queste analisi e questi scenari sono parte del problema\u2026\nQuindi, da una parte i fondamenti per dare solidit\u00e0, dall\u2019altra l\u2019ancoraggio alle domande di oggi\u201d.\t\t\t<\/p>\n\t\t\t\t\t<\/blockquote>\n\t\t\t\t\t\t<\/div>\n\t\t\t\t<\/div>\n\t\t\t\t<div class=\"elementor-element elementor-element-e99b37b elementor-widget elementor-widget-text-editor\" data-id=\"e99b37b\" data-element_type=\"widget\" data-widget_type=\"text-editor.default\">\n\t\t\t\t<div class=\"elementor-widget-container\">\n\t\t\t\t\t\t\t\t\t<div class=\"fusion-layout-column fusion_builder_column fusion_builder_column_1_2 fusion-builder-column-5 fusion-one-half fusion-column-first fusion-animated 1_2\" data-animationtype=\"fadeInDown\" data-animationduration=\"1.0\" data-animationoffset=\"100%\"><div class=\"fusion-column-wrapper\" data-bg-url=\"\"><div class=\"fusion-column-content-centered\"><div class=\"fusion-column-content\"><div class=\"fusion-text\"><p><i>(Daniela Ropelato, coordinatrice del Dipartimento di Scienze Politiche, IUS)<\/i><\/p><\/div><\/div><\/div><\/div><\/div>\t\t\t\t\t\t\t\t<\/div>\n\t\t\t\t<\/div>\n\t\t\t\t\t<\/div>\n\t\t\t\t<\/div>\n\t\t\t\t<\/div>\n\t\t","protected":false},"excerpt":{"rendered":"<p>Promuoviamo una formazione fondata sull\u2019ascolto e sul dialogo, capace di valorizzare e integrare diverse esperienze, idee e pratiche politiche maturate in contesti storici, geografici e culturali distinti.\u00a0 Invitiamo politici, diplomatici, funzionari pubblici, studiosi e cittadini attivi a partecipare a spazi di incontro e di elaborazione condivisa, in cui la politica torna a essere luogo di [&hellip;]<\/p>\n","protected":false},"author":1,"featured_media":0,"parent":0,"menu_order":0,"comment_status":"closed","ping_status":"closed","template":"","meta":{"_acf_changed":false,"footnotes":""},"class_list":["post-244104","page","type-page","status-publish","hentry"],"acf":[],"_links":{"self":[{"href":"https:\/\/www.mppu.org\/index.php\/wp-json\/wp\/v2\/pages\/244104","targetHints":{"allow":["GET"]}}],"collection":[{"href":"https:\/\/www.mppu.org\/index.php\/wp-json\/wp\/v2\/pages"}],"about":[{"href":"https:\/\/www.mppu.org\/index.php\/wp-json\/wp\/v2\/types\/page"}],"author":[{"embeddable":true,"href":"https:\/\/www.mppu.org\/index.php\/wp-json\/wp\/v2\/users\/1"}],"replies":[{"embeddable":true,"href":"https:\/\/www.mppu.org\/index.php\/wp-json\/wp\/v2\/comments?post=244104"}],"version-history":[{"count":16,"href":"https:\/\/www.mppu.org\/index.php\/wp-json\/wp\/v2\/pages\/244104\/revisions"}],"predecessor-version":[{"id":244651,"href":"https:\/\/www.mppu.org\/index.php\/wp-json\/wp\/v2\/pages\/244104\/revisions\/244651"}],"wp:attachment":[{"href":"https:\/\/www.mppu.org\/index.php\/wp-json\/wp\/v2\/media?parent=244104"}],"curies":[{"name":"wp","href":"https:\/\/api.w.org\/{rel}","templated":true}]}}