{"id":244322,"date":"2025-12-03T14:26:37","date_gmt":"2025-12-03T13:26:37","guid":{"rendered":"https:\/\/www.mppu.org\/?page_id=244322"},"modified":"2026-04-15T16:09:18","modified_gmt":"2026-04-15T14:09:18","slug":"mission-e-vision","status":"publish","type":"page","link":"https:\/\/www.mppu.org\/index.php\/mission-e-vision\/","title":{"rendered":"Mission e vision"},"content":{"rendered":"\t\t<div data-elementor-type=\"wp-page\" data-elementor-id=\"244322\" class=\"elementor elementor-244322\" data-elementor-post-type=\"page\">\n\t\t\t\t<div class=\"elementor-element elementor-element-efb58da e-flex e-con-boxed e-con e-parent\" data-id=\"efb58da\" data-element_type=\"container\">\n\t\t\t\t\t<div class=\"e-con-inner\">\n\t\t\t\t<div class=\"elementor-element elementor-element-84ea3fe elementor-blockquote--skin-border elementor-blockquote--button-color-official elementor-widget elementor-widget-blockquote\" data-id=\"84ea3fe\" data-element_type=\"widget\" data-widget_type=\"blockquote.default\">\n\t\t\t\t<div class=\"elementor-widget-container\">\n\t\t\t\t\t\t\t<blockquote class=\"elementor-blockquote\">\n\t\t\t<p class=\"elementor-blockquote__content\">\n\t\t\t\tLa sfida e il nostro impegno:\n\nOffrire uno spazio di dialogo e iniziativa politica a quanti desiderano essere co-autori e protagonisti della convivenza sociale, promuovendo la cultura dell\u2019unit\u00e0 in seno ad ogni istituzione e ordinamento, tanto a livello locale quanto a livello globale. \nConsolidare una rete di cooperazione internazionale che possa rispondere alle grandi questioni che interrogano oggi l\u2019Umanit\u00e0, perseguendo l\u2019obiettivo della fraternit\u00e0 universale.\nAttraverso il pensiero e l\u2019azione politica, sperimentare nuove categorie che possano guidare l\u2019incontro tra culture politiche, la ricerca di soluzioni ai problemi dei popoli e dei gruppi sociali, l\u2019azione dei partiti, la vita delle istituzioni  cos\u00ec come il governo delle citt\u00e0 e degli Stati.\n\t\t\t<\/p>\n\t\t\t\t\t<\/blockquote>\n\t\t\t\t\t\t<\/div>\n\t\t\t\t<\/div>\n\t\t<div class=\"elementor-element elementor-element-4f137db e-con-full e-flex e-con e-child\" data-id=\"4f137db\" data-element_type=\"container\">\n\t\t\t\t<div class=\"elementor-element elementor-element-14953e9 elementor-widget elementor-widget-text-editor\" data-id=\"14953e9\" data-element_type=\"widget\" data-widget_type=\"text-editor.default\">\n\t\t\t\t<div class=\"elementor-widget-container\">\n\t\t\t\t\t\t\t\t\t<p><span style=\"font-weight: 400;\">La transizione politica e culturale del nostro tempo pone urgenti domande di senso: il positivo e irreversibile avvicinamento tra i popoli convive con pandemie, catastrofi ecologiche, carestie, scenari di guerra e terrorismo. Crescono l\u2019incertezza e la paura, nell\u2019ombra di una politica anemica e irresponsabile, non all\u2019altezza della sua missione. <\/span><\/p><p><span style=\"font-weight: 400;\">L\u2019idea della <\/span><b>fraternit\u00e0 universale<\/b><span style=\"font-weight: 400;\"> \u00e8 ricorsa pi\u00f9 volte nella storia. Descritta autorevolmente da numerosi autori come orizzonte strategico della convivenza, nonch\u00e9 fondamento di civilt\u00e0, forza per risanare le fratture sociali e impedire il prevalere della legge del pi\u00f9 forte e motore di crescita e benessere, la fraternit\u00e0, nel pensiero di Chiara Lubich, diventa <\/span><b>paradigma globale di sviluppo politico<\/b><span style=\"font-weight: 400;\">.<\/span><\/p><p><span style=\"font-weight: 400;\">Il contributo innovativo del MPPU consiste nel suo impegno a farne un metodo di lavoro politico, un indicatore della qualit\u00e0 delle politiche economiche, sociali ed ambientali, cos\u00ec come un obiettivo della politica internazionale, come auspicato profeticamente dalla Lubich alla fine degli anni Cinquanta con l\u2019appello \u201c<\/span><b><i>Amare la patria altrui come la propria<\/i><\/b><span style=\"font-weight: 400;\">\u201d:<\/span><\/p>\t\t\t\t\t\t\t\t<\/div>\n\t\t\t\t<\/div>\n\t\t\t\t<div class=\"elementor-element elementor-element-5049541 elementor-blockquote--skin-border elementor-blockquote--button-color-official elementor-widget elementor-widget-blockquote\" data-id=\"5049541\" data-element_type=\"widget\" data-widget_type=\"blockquote.default\">\n\t\t\t\t<div class=\"elementor-widget-container\">\n\t\t\t\t\t\t\t<blockquote class=\"elementor-blockquote\">\n\t\t\t<p class=\"elementor-blockquote__content\">\n\t\t\t\tIl profondo bisogno di pace che l\u2019Umanit\u00e0 oggi esprime, dice che la fraternit\u00e0 non \u00e8 solo un valore, non \u00e8 solo un metodo, ma un paradigma globale di sviluppo politico. Ecco perch\u00e9 un mondo sempre pi\u00f9 interdipendente ha bisogno di politici, di imprenditori, di intellettuali e di artisti che pongano la fraternit\u00e0 \u2013 strumento di unit\u00e0 \u2013 al centro del loro agire e del loro pensare.\t\t\t<\/p>\n\t\t\t\t\t\t\t<div class=\"e-q-footer\">\n\t\t\t\t\t\t\t\t\t\t\t<cite class=\"elementor-blockquote__author\">Chiara Lubich ai partecipanti alla I Giornata dell\u2019Interdipendenza  Filadelfia (USA), 12 settembre 2003.<\/cite>\n\t\t\t\t\t\t\t\t\t\t\t\t\t\t<\/div>\n\t\t\t\t\t<\/blockquote>\n\t\t\t\t\t\t<\/div>\n\t\t\t\t<\/div>\n\t\t\t\t<div class=\"elementor-element elementor-element-cdd0b93 elementor-widget elementor-widget-heading\" data-id=\"cdd0b93\" data-element_type=\"widget\" data-widget_type=\"heading.default\">\n\t\t\t\t<div class=\"elementor-widget-container\">\n\t\t\t\t\t<h4 class=\"elementor-heading-title elementor-size-default\">Azioni chiave<\/h4>\t\t\t\t<\/div>\n\t\t\t\t<\/div>\n\t\t\t\t<div class=\"elementor-element elementor-element-681d214 elementor-widget elementor-widget-text-editor\" data-id=\"681d214\" data-element_type=\"widget\" data-widget_type=\"text-editor.default\">\n\t\t\t\t<div class=\"elementor-widget-container\">\n\t\t\t\t\t\t\t\t\t<ul><li><b>Sostenere le politiche pubbliche e gli assetti istituzionali volti a promuovere i diritti fondamentali e la dignit\u00e0 umana<\/b><span style=\"font-weight: 400;\">, collaborando alla costruzione di un futuro di pace e di unit\u00e0 tanto a livello locale quanto a livello globale.<\/span><\/li><li><b>Elaborare e diffondere una cultura matura della partecipazione<\/b><span style=\"font-weight: 400;\">, attraverso attivit\u00e0 formative e strumenti di co-governance che sappiano promuovere il valore dell\u2019unit\u00e0 e il rispetto della diversit\u00e0 nelle diverse comunit\u00e0 politiche.<\/span><\/li><li><b>Promuovere iniziative di studio e ricerca, campagne informative e seminari <\/b><span style=\"font-weight: 400;\">volti ad approfondire le differenti culture politiche esistenti e a <\/span><b>declinare politicamente il principio della fraternit\u00e0 universale nei diversi contesti globali<\/b><span style=\"font-weight: 400;\">.<\/span><\/li><li><b>Collaborare con tutte le realt\u00e0 culturali e sociali che condividono l&#8217;impegno verso il dialogo, la solidariet\u00e0 e la giustizia<\/b><span style=\"font-weight: 400;\">, promuovendo attivamente i diritti umani e dei popoli.<\/span><\/li><li style=\"list-style-type: none;\">\u00a0<\/li><\/ul>\t\t\t\t\t\t\t\t<\/div>\n\t\t\t\t<\/div>\n\t\t\t\t<div class=\"elementor-element elementor-element-0234f88 elementor-widget elementor-widget-text-editor\" data-id=\"0234f88\" data-element_type=\"widget\" data-widget_type=\"text-editor.default\">\n\t\t\t\t<div class=\"elementor-widget-container\">\n\t\t\t\t\t\t\t\t\t<p><b>Con i giovani<\/b><\/p><p><span style=\"font-weight: 400;\">Ai giovani il MPPU affida una specifica responsabilit\u00e0 per la loro capacit\u00e0 di innovazi\u00adone e sperimentazione. Protagonisti di tutte le attivit\u00e0, a loro \u00e8 dedicata una rete internazionale di Scuole di partecipazione e <span style=\"text-decoration: underline; color: #3366ff;\"><strong><a style=\"color: #3366ff; text-decoration: underline;\" href=\"https:\/\/www.mppu.org\/index.php\/formazione\/scuole-di-partecipazione\/\">formazione sociale e politica<\/a><\/strong><\/span><\/span><span style=\"font-weight: 400;\">, perch\u00e9 possano divenire\u00a0 i protagonisti dello svilup\u00adpo e i promotori del progresso delle loro citt\u00e0 e dei loro Paesi.<\/span><\/p>\t\t\t\t\t\t\t\t<\/div>\n\t\t\t\t<\/div>\n\t\t\t\t<\/div>\n\t\t\t\t\t<\/div>\n\t\t\t\t<\/div>\n\t\t\t\t<\/div>\n\t\t","protected":false},"excerpt":{"rendered":"<p>La sfida e il nostro impegno: Offrire uno spazio di dialogo e iniziativa politica a quanti desiderano essere co-autori e protagonisti della convivenza sociale, promuovendo la cultura dell\u2019unit\u00e0 in seno ad ogni istituzione e ordinamento, tanto a livello locale quanto a livello globale. Consolidare una rete di cooperazione internazionale che possa rispondere alle grandi questioni [&hellip;]<\/p>\n","protected":false},"author":1,"featured_media":0,"parent":0,"menu_order":0,"comment_status":"closed","ping_status":"closed","template":"","meta":{"_acf_changed":false,"footnotes":""},"class_list":["post-244322","page","type-page","status-publish","hentry"],"acf":[],"_links":{"self":[{"href":"https:\/\/www.mppu.org\/index.php\/wp-json\/wp\/v2\/pages\/244322","targetHints":{"allow":["GET"]}}],"collection":[{"href":"https:\/\/www.mppu.org\/index.php\/wp-json\/wp\/v2\/pages"}],"about":[{"href":"https:\/\/www.mppu.org\/index.php\/wp-json\/wp\/v2\/types\/page"}],"author":[{"embeddable":true,"href":"https:\/\/www.mppu.org\/index.php\/wp-json\/wp\/v2\/users\/1"}],"replies":[{"embeddable":true,"href":"https:\/\/www.mppu.org\/index.php\/wp-json\/wp\/v2\/comments?post=244322"}],"version-history":[{"count":7,"href":"https:\/\/www.mppu.org\/index.php\/wp-json\/wp\/v2\/pages\/244322\/revisions"}],"predecessor-version":[{"id":244940,"href":"https:\/\/www.mppu.org\/index.php\/wp-json\/wp\/v2\/pages\/244322\/revisions\/244940"}],"wp:attachment":[{"href":"https:\/\/www.mppu.org\/index.php\/wp-json\/wp\/v2\/media?parent=244322"}],"curies":[{"name":"wp","href":"https:\/\/api.w.org\/{rel}","templated":true}]}}